{"id":620,"date":"2020-05-03T21:27:52","date_gmt":"2020-05-03T19:27:52","guid":{"rendered":"https:\/\/www.oeltankentsorgung-rsg.de\/oel\/?page_id=620"},"modified":"2026-01-07T08:07:05","modified_gmt":"2026-01-07T07:07:05","slug":"ueber-uns","status":"publish","type":"page","link":"https:\/\/www.oeltankentsorgung-rsg.de\/oel\/ueber-uns\/","title":{"rendered":"\u00dcber uns"},"content":{"rendered":"\t\t<div data-elementor-type=\"wp-page\" data-elementor-id=\"620\" class=\"elementor elementor-620\" data-elementor-post-type=\"page\">\n\t\t\t\t\t\t<section class=\"elementor-section elementor-top-section elementor-element elementor-element-584c94ac elementor-section-boxed elementor-section-height-default elementor-section-height-default\" data-id=\"584c94ac\" data-element_type=\"section\" data-e-type=\"section\">\n\t\t\t\t\t\t<div class=\"elementor-container elementor-column-gap-default\">\n\t\t\t\t\t<div class=\"elementor-column elementor-col-100 elementor-top-column elementor-element elementor-element-7cc08d7e\" data-id=\"7cc08d7e\" data-element_type=\"column\" data-e-type=\"column\">\n\t\t\t<div class=\"elementor-widget-wrap elementor-element-populated\">\n\t\t\t\t\t\t<div class=\"elementor-element elementor-element-ba60bb4 elementor-widget elementor-widget-heading\" data-id=\"ba60bb4\" data-element_type=\"widget\" data-e-type=\"widget\" data-widget_type=\"heading.default\">\n\t\t\t\t<div class=\"elementor-widget-container\">\n\t\t\t\t\t<h2 class=\"elementor-heading-title elementor-size-xl\">\u00dcber uns<br><\/h2>\t\t\t\t<\/div>\n\t\t\t\t<\/div>\n\t\t\t\t\t<\/div>\n\t\t<\/div>\n\t\t\t\t\t<\/div>\n\t\t<\/section>\n\t\t\t\t<section class=\"elementor-section elementor-top-section elementor-element elementor-element-0690027 elementor-section-boxed elementor-section-height-default elementor-section-height-default\" data-id=\"0690027\" data-element_type=\"section\" data-e-type=\"section\">\n\t\t\t\t\t\t<div class=\"elementor-container elementor-column-gap-default\">\n\t\t\t\t\t<div class=\"elementor-column elementor-col-50 elementor-top-column elementor-element elementor-element-55f56b8\" data-id=\"55f56b8\" data-element_type=\"column\" data-e-type=\"column\">\n\t\t\t<div class=\"elementor-widget-wrap elementor-element-populated\">\n\t\t\t\t\t\t<div class=\"elementor-element elementor-element-563ef0c elementor-widget elementor-widget-text-editor\" data-id=\"563ef0c\" data-element_type=\"widget\" data-e-type=\"widget\" data-widget_type=\"text-editor.default\">\n\t\t\t\t<div class=\"elementor-widget-container\">\n\t\t\t\t\t\t\t\t\t<p>Wir sind ein vom T\u00dcV zertifizierter Fachbetrieb gem\u00e4\u00df Wasserhaushaltsgesetz WHG \u00a7 19 in Verbindung mit \u00a7 62 AwSV und bieten Ihnen eine schnelle und saubere L\u00f6sung, den \u00d6ltank zu einem fairen Preis zu entsorgen.<br \/>Die Tanks werden vor Ort ge\u00f6ffnet, entleert, gereinigt und fachgerecht nach den Regelungen des Wasserhaushaltsgesetzes demontiert und entsorgt. Alle \u00f6lf\u00fchrenden Leitungen werden entfernt. Das Rest\u00f6l und der \u00d6lschlamm werden \u00fcber einen zertifizierten Fachbetrieb entsorgt. Sie bekommen einen Entsorgungsnachweis und eine Stilllegungsbescheinigung f\u00fcr die untere Wasserbeh\u00f6rde.<\/p>\t\t\t\t\t\t\t\t<\/div>\n\t\t\t\t<\/div>\n\t\t\t\t\t<\/div>\n\t\t<\/div>\n\t\t\t\t<div class=\"elementor-column elementor-col-50 elementor-top-column elementor-element elementor-element-8dfedf8\" data-id=\"8dfedf8\" data-element_type=\"column\" data-e-type=\"column\">\n\t\t\t<div class=\"elementor-widget-wrap elementor-element-populated\">\n\t\t\t\t\t\t<div class=\"elementor-element elementor-element-a4ccc31 elementor-widget__width-initial elementor-widget elementor-widget-image\" data-id=\"a4ccc31\" data-element_type=\"widget\" data-e-type=\"widget\" data-widget_type=\"image.default\">\n\t\t\t\t<div class=\"elementor-widget-container\">\n\t\t\t\t\t\t\t\t\t\t\t\t\t\t\t<img fetchpriority=\"high\" decoding=\"async\" width=\"741\" height=\"1024\" src=\"https:\/\/www.oeltankentsorgung-rsg.de\/oel\/wp-content\/uploads\/2026\/01\/Bild2-741x1024.jpg\" class=\"attachment-large size-large wp-image-2466\" alt=\"\" srcset=\"https:\/\/www.oeltankentsorgung-rsg.de\/oel\/wp-content\/uploads\/2026\/01\/Bild2-741x1024.jpg 741w, https:\/\/www.oeltankentsorgung-rsg.de\/oel\/wp-content\/uploads\/2026\/01\/Bild2-217x300.jpg 217w, https:\/\/www.oeltankentsorgung-rsg.de\/oel\/wp-content\/uploads\/2026\/01\/Bild2-768x1061.jpg 768w, https:\/\/www.oeltankentsorgung-rsg.de\/oel\/wp-content\/uploads\/2026\/01\/Bild2-1112x1536.jpg 1112w, https:\/\/www.oeltankentsorgung-rsg.de\/oel\/wp-content\/uploads\/2026\/01\/Bild2-1482x2048.jpg 1482w, https:\/\/www.oeltankentsorgung-rsg.de\/oel\/wp-content\/uploads\/2026\/01\/Bild2-1000x1382.jpg 1000w, https:\/\/www.oeltankentsorgung-rsg.de\/oel\/wp-content\/uploads\/2026\/01\/Bild2-230x318.jpg 230w, https:\/\/www.oeltankentsorgung-rsg.de\/oel\/wp-content\/uploads\/2026\/01\/Bild2-350x484.jpg 350w, https:\/\/www.oeltankentsorgung-rsg.de\/oel\/wp-content\/uploads\/2026\/01\/Bild2-480x663.jpg 480w, https:\/\/www.oeltankentsorgung-rsg.de\/oel\/wp-content\/uploads\/2026\/01\/Bild2-scaled.jpg 1853w\" sizes=\"(max-width: 741px) 100vw, 741px\" \/>\t\t\t\t\t\t\t\t\t\t\t\t\t\t\t<\/div>\n\t\t\t\t<\/div>\n\t\t\t\t\t<\/div>\n\t\t<\/div>\n\t\t\t\t\t<\/div>\n\t\t<\/section>\n\t\t\t\t<section class=\"elementor-section elementor-top-section elementor-element elementor-element-eb362e1 elementor-section-boxed elementor-section-height-default elementor-section-height-default\" data-id=\"eb362e1\" data-element_type=\"section\" data-e-type=\"section\">\n\t\t\t\t\t\t<div class=\"elementor-container elementor-column-gap-default\">\n\t\t\t\t\t<div class=\"elementor-column elementor-col-100 elementor-top-column elementor-element elementor-element-5fc3107\" data-id=\"5fc3107\" data-element_type=\"column\" data-e-type=\"column\">\n\t\t\t<div class=\"elementor-widget-wrap elementor-element-populated\">\n\t\t\t\t\t\t<section class=\"elementor-section elementor-inner-section elementor-element elementor-element-c0e62af elementor-section-boxed elementor-section-height-default elementor-section-height-default\" data-id=\"c0e62af\" data-element_type=\"section\" data-e-type=\"section\">\n\t\t\t\t\t\t<div class=\"elementor-container elementor-column-gap-default\">\n\t\t\t\t\t<div class=\"elementor-column elementor-col-50 elementor-inner-column elementor-element elementor-element-9aa887a\" data-id=\"9aa887a\" data-element_type=\"column\" data-e-type=\"column\">\n\t\t\t<div class=\"elementor-widget-wrap elementor-element-populated\">\n\t\t\t\t\t\t<div class=\"elementor-element elementor-element-3957f32 elementor-widget__width-initial elementor-widget elementor-widget-image\" data-id=\"3957f32\" data-element_type=\"widget\" data-e-type=\"widget\" data-widget_type=\"image.default\">\n\t\t\t\t<div class=\"elementor-widget-container\">\n\t\t\t\t\t\t\t\t\t\t\t\t\t\t\t<img decoding=\"async\" width=\"208\" height=\"300\" src=\"https:\/\/www.oeltankentsorgung-rsg.de\/oel\/wp-content\/uploads\/2020\/06\/Zertifikat-092021-208x300.jpg\" class=\"attachment-medium size-medium wp-image-761\" alt=\"\" srcset=\"https:\/\/www.oeltankentsorgung-rsg.de\/oel\/wp-content\/uploads\/2020\/06\/Zertifikat-092021-208x300.jpg 208w, https:\/\/www.oeltankentsorgung-rsg.de\/oel\/wp-content\/uploads\/2020\/06\/Zertifikat-092021-711x1024.jpg 711w, https:\/\/www.oeltankentsorgung-rsg.de\/oel\/wp-content\/uploads\/2020\/06\/Zertifikat-092021-768x1106.jpg 768w, https:\/\/www.oeltankentsorgung-rsg.de\/oel\/wp-content\/uploads\/2020\/06\/Zertifikat-092021-1067x1536.jpg 1067w, https:\/\/www.oeltankentsorgung-rsg.de\/oel\/wp-content\/uploads\/2020\/06\/Zertifikat-092021-830x1195.jpg 830w, https:\/\/www.oeltankentsorgung-rsg.de\/oel\/wp-content\/uploads\/2020\/06\/Zertifikat-092021-230x331.jpg 230w, https:\/\/www.oeltankentsorgung-rsg.de\/oel\/wp-content\/uploads\/2020\/06\/Zertifikat-092021-350x504.jpg 350w, https:\/\/www.oeltankentsorgung-rsg.de\/oel\/wp-content\/uploads\/2020\/06\/Zertifikat-092021-480x691.jpg 480w, https:\/\/www.oeltankentsorgung-rsg.de\/oel\/wp-content\/uploads\/2020\/06\/Zertifikat-092021.jpg 1210w\" sizes=\"(max-width: 208px) 100vw, 208px\" \/>\t\t\t\t\t\t\t\t\t\t\t\t\t\t\t<\/div>\n\t\t\t\t<\/div>\n\t\t\t\t<div class=\"elementor-element elementor-element-cb56e49 elementor-widget__width-initial elementor-widget elementor-widget-image\" data-id=\"cb56e49\" data-element_type=\"widget\" data-e-type=\"widget\" data-widget_type=\"image.default\">\n\t\t\t\t<div class=\"elementor-widget-container\">\n\t\t\t\t\t\t\t\t\t\t\t\t\t\t\t<img decoding=\"async\" width=\"212\" height=\"300\" src=\"https:\/\/www.oeltankentsorgung-rsg.de\/oel\/wp-content\/uploads\/2021\/09\/TUeV-Zertifikat-bis-2023-212x300.jpg\" class=\"attachment-medium size-medium wp-image-1362\" alt=\"\" srcset=\"https:\/\/www.oeltankentsorgung-rsg.de\/oel\/wp-content\/uploads\/2021\/09\/TUeV-Zertifikat-bis-2023-212x300.jpg 212w, https:\/\/www.oeltankentsorgung-rsg.de\/oel\/wp-content\/uploads\/2021\/09\/TUeV-Zertifikat-bis-2023-724x1024.jpg 724w, https:\/\/www.oeltankentsorgung-rsg.de\/oel\/wp-content\/uploads\/2021\/09\/TUeV-Zertifikat-bis-2023-768x1086.jpg 768w, https:\/\/www.oeltankentsorgung-rsg.de\/oel\/wp-content\/uploads\/2021\/09\/TUeV-Zertifikat-bis-2023-1087x1536.jpg 1087w, https:\/\/www.oeltankentsorgung-rsg.de\/oel\/wp-content\/uploads\/2021\/09\/TUeV-Zertifikat-bis-2023-1449x2048.jpg 1449w, https:\/\/www.oeltankentsorgung-rsg.de\/oel\/wp-content\/uploads\/2021\/09\/TUeV-Zertifikat-bis-2023-920x1300.jpg 920w, https:\/\/www.oeltankentsorgung-rsg.de\/oel\/wp-content\/uploads\/2021\/09\/TUeV-Zertifikat-bis-2023-230x325.jpg 230w, https:\/\/www.oeltankentsorgung-rsg.de\/oel\/wp-content\/uploads\/2021\/09\/TUeV-Zertifikat-bis-2023-350x495.jpg 350w, https:\/\/www.oeltankentsorgung-rsg.de\/oel\/wp-content\/uploads\/2021\/09\/TUeV-Zertifikat-bis-2023-480x679.jpg 480w, https:\/\/www.oeltankentsorgung-rsg.de\/oel\/wp-content\/uploads\/2021\/09\/TUeV-Zertifikat-bis-2023.jpg 1654w\" sizes=\"(max-width: 212px) 100vw, 212px\" \/>\t\t\t\t\t\t\t\t\t\t\t\t\t\t\t<\/div>\n\t\t\t\t<\/div>\n\t\t\t\t\t<\/div>\n\t\t<\/div>\n\t\t\t\t<div class=\"elementor-column elementor-col-50 elementor-inner-column elementor-element elementor-element-5794a13\" data-id=\"5794a13\" data-element_type=\"column\" data-e-type=\"column\">\n\t\t\t<div class=\"elementor-widget-wrap elementor-element-populated\">\n\t\t\t\t\t\t<div class=\"elementor-element elementor-element-391462f elementor-widget__width-initial elementor-widget elementor-widget-image\" data-id=\"391462f\" data-element_type=\"widget\" data-e-type=\"widget\" data-widget_type=\"image.default\">\n\t\t\t\t<div class=\"elementor-widget-container\">\n\t\t\t\t\t\t\t\t\t\t\t\t\t\t\t<img loading=\"lazy\" decoding=\"async\" width=\"480\" height=\"661\" src=\"https:\/\/www.oeltankentsorgung-rsg.de\/oel\/wp-content\/uploads\/2023\/09\/TUeV-Zertifikat-2025-Bild-480x661.jpg\" class=\"attachment-sydney-mas-thumb size-sydney-mas-thumb wp-image-2172\" alt=\"\" srcset=\"https:\/\/www.oeltankentsorgung-rsg.de\/oel\/wp-content\/uploads\/2023\/09\/TUeV-Zertifikat-2025-Bild-480x661.jpg 480w, https:\/\/www.oeltankentsorgung-rsg.de\/oel\/wp-content\/uploads\/2023\/09\/TUeV-Zertifikat-2025-Bild-218x300.jpg 218w, https:\/\/www.oeltankentsorgung-rsg.de\/oel\/wp-content\/uploads\/2023\/09\/TUeV-Zertifikat-2025-Bild-743x1024.jpg 743w, https:\/\/www.oeltankentsorgung-rsg.de\/oel\/wp-content\/uploads\/2023\/09\/TUeV-Zertifikat-2025-Bild-768x1058.jpg 768w, https:\/\/www.oeltankentsorgung-rsg.de\/oel\/wp-content\/uploads\/2023\/09\/TUeV-Zertifikat-2025-Bild-1115x1536.jpg 1115w, https:\/\/www.oeltankentsorgung-rsg.de\/oel\/wp-content\/uploads\/2023\/09\/TUeV-Zertifikat-2025-Bild-1487x2048.jpg 1487w, https:\/\/www.oeltankentsorgung-rsg.de\/oel\/wp-content\/uploads\/2023\/09\/TUeV-Zertifikat-2025-Bild-1000x1377.jpg 1000w, https:\/\/www.oeltankentsorgung-rsg.de\/oel\/wp-content\/uploads\/2023\/09\/TUeV-Zertifikat-2025-Bild-230x317.jpg 230w, https:\/\/www.oeltankentsorgung-rsg.de\/oel\/wp-content\/uploads\/2023\/09\/TUeV-Zertifikat-2025-Bild-350x482.jpg 350w, https:\/\/www.oeltankentsorgung-rsg.de\/oel\/wp-content\/uploads\/2023\/09\/TUeV-Zertifikat-2025-Bild-scaled.jpg 1859w\" sizes=\"(max-width: 480px) 100vw, 480px\" \/>\t\t\t\t\t\t\t\t\t\t\t\t\t\t\t<\/div>\n\t\t\t\t<\/div>\n\t\t\t\t\t<\/div>\n\t\t<\/div>\n\t\t\t\t\t<\/div>\n\t\t<\/section>\n\t\t\t\t<section class=\"elementor-section elementor-inner-section elementor-element elementor-element-fd7ef68 elementor-section-boxed elementor-section-height-default elementor-section-height-default\" data-id=\"fd7ef68\" data-element_type=\"section\" data-e-type=\"section\">\n\t\t\t\t\t\t<div class=\"elementor-container elementor-column-gap-default\">\n\t\t\t\t\t<div class=\"elementor-column elementor-col-50 elementor-inner-column elementor-element elementor-element-90c6a06\" data-id=\"90c6a06\" data-element_type=\"column\" data-e-type=\"column\">\n\t\t\t<div class=\"elementor-widget-wrap\">\n\t\t\t\t\t\t\t<\/div>\n\t\t<\/div>\n\t\t\t\t<div class=\"elementor-column elementor-col-50 elementor-inner-column elementor-element elementor-element-ef57afc\" data-id=\"ef57afc\" data-element_type=\"column\" data-e-type=\"column\">\n\t\t\t<div class=\"elementor-widget-wrap\">\n\t\t\t\t\t\t\t<\/div>\n\t\t<\/div>\n\t\t\t\t\t<\/div>\n\t\t<\/section>\n\t\t\t\t<section class=\"elementor-section elementor-inner-section elementor-element elementor-element-1947a21 elementor-section-boxed elementor-section-height-default elementor-section-height-default\" data-id=\"1947a21\" data-element_type=\"section\" data-e-type=\"section\">\n\t\t\t\t\t\t<div class=\"elementor-container elementor-column-gap-default\">\n\t\t\t\t\t<div class=\"elementor-column elementor-col-50 elementor-inner-column elementor-element elementor-element-4692009\" data-id=\"4692009\" data-element_type=\"column\" data-e-type=\"column\">\n\t\t\t<div class=\"elementor-widget-wrap\">\n\t\t\t\t\t\t\t<\/div>\n\t\t<\/div>\n\t\t\t\t<div class=\"elementor-column elementor-col-50 elementor-inner-column elementor-element elementor-element-9f7bb98\" data-id=\"9f7bb98\" data-element_type=\"column\" data-e-type=\"column\">\n\t\t\t<div class=\"elementor-widget-wrap\">\n\t\t\t\t\t\t\t<\/div>\n\t\t<\/div>\n\t\t\t\t\t<\/div>\n\t\t<\/section>\n\t\t\t\t<section class=\"elementor-section elementor-inner-section elementor-element elementor-element-ea5c92c elementor-section-boxed elementor-section-height-default elementor-section-height-default\" data-id=\"ea5c92c\" data-element_type=\"section\" data-e-type=\"section\">\n\t\t\t\t\t\t<div class=\"elementor-container elementor-column-gap-default\">\n\t\t\t\t\t<div class=\"elementor-column elementor-col-50 elementor-inner-column elementor-element elementor-element-05df081\" data-id=\"05df081\" data-element_type=\"column\" data-e-type=\"column\">\n\t\t\t<div class=\"elementor-widget-wrap\">\n\t\t\t\t\t\t\t<\/div>\n\t\t<\/div>\n\t\t\t\t<div class=\"elementor-column elementor-col-50 elementor-inner-column elementor-element elementor-element-c3ad0e2\" data-id=\"c3ad0e2\" data-element_type=\"column\" data-e-type=\"column\">\n\t\t\t<div class=\"elementor-widget-wrap\">\n\t\t\t\t\t\t\t<\/div>\n\t\t<\/div>\n\t\t\t\t\t<\/div>\n\t\t<\/section>\n\t\t\t\t<section class=\"elementor-section elementor-inner-section elementor-element elementor-element-fa2a3a3 elementor-section-boxed elementor-section-height-default elementor-section-height-default\" data-id=\"fa2a3a3\" data-element_type=\"section\" data-e-type=\"section\">\n\t\t\t\t\t\t<div class=\"elementor-container elementor-column-gap-default\">\n\t\t\t\t\t<div class=\"elementor-column elementor-col-50 elementor-inner-column elementor-element elementor-element-55f3ac0\" data-id=\"55f3ac0\" data-element_type=\"column\" data-e-type=\"column\">\n\t\t\t<div class=\"elementor-widget-wrap\">\n\t\t\t\t\t\t\t<\/div>\n\t\t<\/div>\n\t\t\t\t<div class=\"elementor-column elementor-col-50 elementor-inner-column elementor-element elementor-element-7c613cd\" data-id=\"7c613cd\" data-element_type=\"column\" data-e-type=\"column\">\n\t\t\t<div class=\"elementor-widget-wrap\">\n\t\t\t\t\t\t\t<\/div>\n\t\t<\/div>\n\t\t\t\t\t<\/div>\n\t\t<\/section>\n\t\t\t\t\t<\/div>\n\t\t<\/div>\n\t\t\t\t\t<\/div>\n\t\t<\/section>\n\t\t\t\t<section class=\"elementor-section elementor-inner-section elementor-element elementor-element-02ef595 elementor-section-boxed elementor-section-height-default elementor-section-height-default\" data-id=\"02ef595\" data-element_type=\"section\" data-e-type=\"section\">\n\t\t\t\t\t\t<div class=\"elementor-container elementor-column-gap-default\">\n\t\t\t\t\t<div class=\"elementor-column elementor-col-50 elementor-inner-column elementor-element elementor-element-7a89eea\" data-id=\"7a89eea\" data-element_type=\"column\" data-e-type=\"column\">\n\t\t\t<div class=\"elementor-widget-wrap\">\n\t\t\t\t\t\t\t<\/div>\n\t\t<\/div>\n\t\t\t\t<div class=\"elementor-column elementor-col-50 elementor-inner-column elementor-element elementor-element-e1d3a0c\" data-id=\"e1d3a0c\" data-element_type=\"column\" data-e-type=\"column\">\n\t\t\t<div class=\"elementor-widget-wrap\">\n\t\t\t\t\t\t\t<\/div>\n\t\t<\/div>\n\t\t\t\t\t<\/div>\n\t\t<\/section>\n\t\t\t\t<section class=\"elementor-section elementor-top-section elementor-element elementor-element-b07a4e5 elementor-section-boxed elementor-section-height-default elementor-section-height-default\" data-id=\"b07a4e5\" data-element_type=\"section\" data-e-type=\"section\">\n\t\t\t\t\t\t<div class=\"elementor-container elementor-column-gap-default\">\n\t\t\t\t\t<div class=\"elementor-column elementor-col-100 elementor-top-column elementor-element elementor-element-2a18e0d\" data-id=\"2a18e0d\" data-element_type=\"column\" data-e-type=\"column\">\n\t\t\t<div class=\"elementor-widget-wrap\">\n\t\t\t\t\t\t\t<\/div>\n\t\t<\/div>\n\t\t\t\t\t<\/div>\n\t\t<\/section>\n\t\t\t\t<section class=\"elementor-section elementor-top-section elementor-element elementor-element-a4086d4 elementor-section-boxed elementor-section-height-default elementor-section-height-default\" data-id=\"a4086d4\" data-element_type=\"section\" data-e-type=\"section\">\n\t\t\t\t\t\t<div class=\"elementor-container elementor-column-gap-default\">\n\t\t\t\t\t<div class=\"elementor-column elementor-col-100 elementor-top-column elementor-element elementor-element-fa89976\" data-id=\"fa89976\" data-element_type=\"column\" data-e-type=\"column\">\n\t\t\t<div class=\"elementor-widget-wrap\">\n\t\t\t\t\t\t\t<\/div>\n\t\t<\/div>\n\t\t\t\t\t<\/div>\n\t\t<\/section>\n\t\t\t\t<\/div>\n\t\t","protected":false},"excerpt":{"rendered":"<p>\u00dcber uns Wir sind ein vom T\u00dcV zertifizierter Fachbetrieb gem\u00e4\u00df Wasserhaushaltsgesetz WHG \u00a7 19 in Verbindung mit \u00a7 62 AwSV und bieten [&hellip;]<\/p>\n","protected":false},"author":1,"featured_media":0,"parent":0,"menu_order":0,"comment_status":"closed","ping_status":"closed","template":"page-templates\/page_front-page.php","meta":{"footnotes":""},"class_list":["post-620","page","type-page","status-publish","hentry"],"_links":{"self":[{"href":"https:\/\/www.oeltankentsorgung-rsg.de\/oel\/wp-json\/wp\/v2\/pages\/620","targetHints":{"allow":["GET"]}}],"collection":[{"href":"https:\/\/www.oeltankentsorgung-rsg.de\/oel\/wp-json\/wp\/v2\/pages"}],"about":[{"href":"https:\/\/www.oeltankentsorgung-rsg.de\/oel\/wp-json\/wp\/v2\/types\/page"}],"author":[{"embeddable":true,"href":"https:\/\/www.oeltankentsorgung-rsg.de\/oel\/wp-json\/wp\/v2\/users\/1"}],"replies":[{"embeddable":true,"href":"https:\/\/www.oeltankentsorgung-rsg.de\/oel\/wp-json\/wp\/v2\/comments?post=620"}],"version-history":[{"count":19,"href":"https:\/\/www.oeltankentsorgung-rsg.de\/oel\/wp-json\/wp\/v2\/pages\/620\/revisions"}],"predecessor-version":[{"id":2472,"href":"https:\/\/www.oeltankentsorgung-rsg.de\/oel\/wp-json\/wp\/v2\/pages\/620\/revisions\/2472"}],"wp:attachment":[{"href":"https:\/\/www.oeltankentsorgung-rsg.de\/oel\/wp-json\/wp\/v2\/media?parent=620"}],"curies":[{"name":"wp","href":"https:\/\/api.w.org\/{rel}","templated":true}]}}